{"id":234,"date":"2020-07-21T10:00:38","date_gmt":"2020-07-21T08:00:38","guid":{"rendered":"https:\/\/www.taoufikhospitalsgroup.com\/clinique-ezzahra\/?page_id=22"},"modified":"2022-04-14T13:48:50","modified_gmt":"2022-04-14T11:48:50","slug":"accueil","status":"publish","type":"page","link":"https:\/\/www.taoufikhospitalsgroup.com\/clinique-hannibal\/","title":{"rendered":"Accueil"},"content":{"rendered":"<div style=\"margin: 20px 0;\"><div class=\"qrcswholewtapper\" style=\"text-align:left;\"><div class=\"qrcprowrapper\"  id=\"qrcwraa2leds\"><div class=\"qrc_canvass\" id=\"qrc_cuttenpages_2\" style=\"display:inline-block\" data-text=\"https:\/\/www.taoufikhospitalsgroup.com\/clinique-hannibal\/\"><\/div><div><a download=\"Accueil.png\" class=\"qrcdownloads\" id=\"worign\">\r\n           <button type=\"button\" style=\"min-width:200px;background:#dddddd;color:#000;font-weight: 600;border: 1px solid #dddddd;border-radius:4px;font-size:12px;padding: 6px 0;\" class=\"uqr_code_btn\">Download QR<\/button>\r\n           <\/a><\/div><\/div><\/div><\/div>","protected":false},"excerpt":{"rendered":"<p>Download QR<\/p>\n","protected":false},"author":1,"featured_media":0,"parent":0,"menu_order":0,"comment_status":"closed","ping_status":"closed","template":"","meta":{"footnotes":""},"class_list":["post-234","page","type-page","status-publish","hentry"],"yoast_head":"<!-- This site is optimized with the Yoast SEO plugin v27.4 - https:\/\/yoast.com\/product\/yoast-seo-wordpress\/ -->\n<title>Medecine Tunisie : m\u00e9decine nucl\u00e9aire &amp; oncologie m\u00e9dicale<\/title>\n<meta name=\"description\" content=\"La clinique Hannibal prend en charge les patients atteints de tout type de cancer et fait intervenir les dernieres nouveaut\u00e9s et innovations de la medecine en Tunisie.\" \/>\n<meta name=\"robots\" content=\"index, follow, max-snippet:-1, max-image-preview:large, max-video-preview:-1\" \/>\n<link rel=\"canonical\" href=\"https:\/\/www.taoufikhospitalsgroup.com\/clinique-hannibal\/\" \/>\n<meta property=\"og:locale\" content=\"fr_FR\" \/>\n<meta property=\"og:type\" content=\"article\" \/>\n<meta property=\"og:title\" content=\"Medecine Tunisie : m\u00e9decine nucl\u00e9aire &amp; oncologie m\u00e9dicale\" \/>\n<meta property=\"og:description\" content=\"La clinique Hannibal prend en charge les patients atteints de tout type de cancer et fait intervenir les dernieres nouveaut\u00e9s et innovations de la medecine en Tunisie.\" \/>\n<meta property=\"og:url\" content=\"https:\/\/www.taoufikhospitalsgroup.com\/clinique-hannibal\/\" \/>\n<meta property=\"og:site_name\" content=\"Clinique Hannibal\" \/>\n<meta property=\"article:modified_time\" content=\"2022-04-14T11:48:50+00:00\" \/>\n<meta name=\"twitter:card\" content=\"summary_large_image\" \/>\n<script type=\"application\/ld+json\" class=\"yoast-schema-graph\">{\"@context\":\"https:\\\/\\\/schema.org\",\"@graph\":[{\"@type\":\"WebPage\",\"@id\":\"https:\\\/\\\/www.taoufikhospitalsgroup.com\\\/clinique-hannibal\\\/\",\"url\":\"https:\\\/\\\/www.taoufikhospitalsgroup.com\\\/clinique-hannibal\\\/\",\"name\":\"Medecine Tunisie : m\u00e9decine nucl\u00e9aire & oncologie m\u00e9dicale\",\"isPartOf\":{\"@id\":\"https:\\\/\\\/www.taoufikhospitalsgroup.com\\\/clinique-hannibal\\\/#website\"},\"datePublished\":\"2020-07-21T08:00:38+00:00\",\"dateModified\":\"2022-04-14T11:48:50+00:00\",\"description\":\"La clinique Hannibal prend en charge les patients atteints de tout type de cancer et fait intervenir les dernieres nouveaut\u00e9s et innovations de la medecine en Tunisie.\",\"breadcrumb\":{\"@id\":\"https:\\\/\\\/www.taoufikhospitalsgroup.com\\\/clinique-hannibal\\\/#breadcrumb\"},\"inLanguage\":\"fr-FR\",\"potentialAction\":[{\"@type\":\"ReadAction\",\"target\":[\"https:\\\/\\\/www.taoufikhospitalsgroup.com\\\/clinique-hannibal\\\/\"]}]},{\"@type\":\"BreadcrumbList\",\"@id\":\"https:\\\/\\\/www.taoufikhospitalsgroup.com\\\/clinique-hannibal\\\/#breadcrumb\",\"itemListElement\":[{\"@type\":\"ListItem\",\"position\":1,\"name\":\"Accueil\",\"item\":\"https:\\\/\\\/www.taoufikhospitalsgroup.com\\\/clinique-hannibal\\\/\"},{\"@type\":\"ListItem\",\"position\":2,\"name\":\"Accueil\"}]},{\"@type\":\"WebSite\",\"@id\":\"https:\\\/\\\/www.taoufikhospitalsgroup.com\\\/clinique-hannibal\\\/#website\",\"url\":\"https:\\\/\\\/www.taoufikhospitalsgroup.com\\\/clinique-hannibal\\\/\",\"name\":\"Clinique Hannibal\",\"description\":\"\",\"potentialAction\":[{\"@type\":\"SearchAction\",\"target\":{\"@type\":\"EntryPoint\",\"urlTemplate\":\"https:\\\/\\\/www.taoufikhospitalsgroup.com\\\/clinique-hannibal\\\/?s={search_term_string}\"},\"query-input\":{\"@type\":\"PropertyValueSpecification\",\"valueRequired\":true,\"valueName\":\"search_term_string\"}}],\"inLanguage\":\"fr-FR\"}]}<\/script>\n<!-- \/ Yoast SEO plugin. -->","yoast_head_json":{"title":"Medecine Tunisie : m\u00e9decine nucl\u00e9aire & oncologie m\u00e9dicale","description":"La clinique Hannibal prend en charge les patients atteints de tout type de cancer et fait intervenir les dernieres nouveaut\u00e9s et innovations de la medecine en Tunisie.","robots":{"index":"index","follow":"follow","max-snippet":"max-snippet:-1","max-image-preview":"max-image-preview:large","max-video-preview":"max-video-preview:-1"},"canonical":"https:\/\/www.taoufikhospitalsgroup.com\/clinique-hannibal\/","og_locale":"fr_FR","og_type":"article","og_title":"Medecine Tunisie : m\u00e9decine nucl\u00e9aire & oncologie m\u00e9dicale","og_description":"La clinique Hannibal prend en charge les patients atteints de tout type de cancer et fait intervenir les dernieres nouveaut\u00e9s et innovations de la medecine en Tunisie.","og_url":"https:\/\/www.taoufikhospitalsgroup.com\/clinique-hannibal\/","og_site_name":"Clinique Hannibal","article_modified_time":"2022-04-14T11:48:50+00:00","twitter_card":"summary_large_image","schema":{"@context":"https:\/\/schema.org","@graph":[{"@type":"WebPage","@id":"https:\/\/www.taoufikhospitalsgroup.com\/clinique-hannibal\/","url":"https:\/\/www.taoufikhospitalsgroup.com\/clinique-hannibal\/","name":"Medecine Tunisie : m\u00e9decine nucl\u00e9aire & oncologie m\u00e9dicale","isPartOf":{"@id":"https:\/\/www.taoufikhospitalsgroup.com\/clinique-hannibal\/#website"},"datePublished":"2020-07-21T08:00:38+00:00","dateModified":"2022-04-14T11:48:50+00:00","description":"La clinique Hannibal prend en charge les patients atteints de tout type de cancer et fait intervenir les dernieres nouveaut\u00e9s et innovations de la medecine en Tunisie.","breadcrumb":{"@id":"https:\/\/www.taoufikhospitalsgroup.com\/clinique-hannibal\/#breadcrumb"},"inLanguage":"fr-FR","potentialAction":[{"@type":"ReadAction","target":["https:\/\/www.taoufikhospitalsgroup.com\/clinique-hannibal\/"]}]},{"@type":"BreadcrumbList","@id":"https:\/\/www.taoufikhospitalsgroup.com\/clinique-hannibal\/#breadcrumb","itemListElement":[{"@type":"ListItem","position":1,"name":"Accueil","item":"https:\/\/www.taoufikhospitalsgroup.com\/clinique-hannibal\/"},{"@type":"ListItem","position":2,"name":"Accueil"}]},{"@type":"WebSite","@id":"https:\/\/www.taoufikhospitalsgroup.com\/clinique-hannibal\/#website","url":"https:\/\/www.taoufikhospitalsgroup.com\/clinique-hannibal\/","name":"Clinique Hannibal","description":"","potentialAction":[{"@type":"SearchAction","target":{"@type":"EntryPoint","urlTemplate":"https:\/\/www.taoufikhospitalsgroup.com\/clinique-hannibal\/?s={search_term_string}"},"query-input":{"@type":"PropertyValueSpecification","valueRequired":true,"valueName":"search_term_string"}}],"inLanguage":"fr-FR"}]}},"_links":{"self":[{"href":"https:\/\/www.taoufikhospitalsgroup.com\/clinique-hannibal\/wp-json\/wp\/v2\/pages\/234","targetHints":{"allow":["GET"]}}],"collection":[{"href":"https:\/\/www.taoufikhospitalsgroup.com\/clinique-hannibal\/wp-json\/wp\/v2\/pages"}],"about":[{"href":"https:\/\/www.taoufikhospitalsgroup.com\/clinique-hannibal\/wp-json\/wp\/v2\/types\/page"}],"author":[{"embeddable":true,"href":"https:\/\/www.taoufikhospitalsgroup.com\/clinique-hannibal\/wp-json\/wp\/v2\/users\/1"}],"replies":[{"embeddable":true,"href":"https:\/\/www.taoufikhospitalsgroup.com\/clinique-hannibal\/wp-json\/wp\/v2\/comments?post=234"}],"version-history":[{"count":0,"href":"https:\/\/www.taoufikhospitalsgroup.com\/clinique-hannibal\/wp-json\/wp\/v2\/pages\/234\/revisions"}],"wp:attachment":[{"href":"https:\/\/www.taoufikhospitalsgroup.com\/clinique-hannibal\/wp-json\/wp\/v2\/media?parent=234"}],"curies":[{"name":"wp","href":"https:\/\/api.w.org\/{rel}","templated":true}]}}